{"id":1047,"date":"2022-09-15T09:44:04","date_gmt":"2022-09-15T19:44:04","guid":{"rendered":"https:\/\/www.sibani.com\/?post_type=product&#038;p=1047"},"modified":"2023-03-13T15:45:05","modified_gmt":"2023-03-14T01:45:05","slug":"collier-pomare-6","status":"publish","type":"product","link":"https:\/\/www.sibani.com\/en\/product\/collier-pomare-6\/","title":{"rendered":"Pomare Necklace"},"content":{"rendered":"<p>Collier Pomare compos\u00e9 de 41 perles semi baroque\/cercl\u00e9e, multi-couleurs, de qualit\u00e9 A\/B, d&rsquo;un diam\u00e8tre de 9 \u00e0 10 millim\u00e8tres. Ces perles sont enfil\u00e9es sur fil de soie et un n\u0153ud est fait entre chaque perle afin d&rsquo;\u00e9viter les pertes en cas de rupture.<br \/>\nCe collier a \u00e9t\u00e9 r\u00e9alis\u00e9 dans les ateliers Polyn\u00e9sien de Sibani Perles et nos perles sont garanties \u00e0 vie.<br \/>\nLe fermoir est en Argent 925\/000 rhodi\u00e9, d&rsquo;un poids de 0.60 g.<br \/>\nLes couleurs sont 100 % naturelles et le lustre profond.<br \/>\nLa taille du collier est de 50 cm.<\/p>\n<p>Un collier exceptionnel de qualit\u00e9 qui saura vous s\u00e9duire.<\/p>\n<p>Pomare est l\u2019ancienne dynastie royale de la Polyn\u00e9sie. Nos bracelets ont \u00e9t\u00e9 r\u00e9alis\u00e9s en hommage \u00e0 la reine Pomare IV .<\/p>","protected":false},"excerpt":{"rendered":"<p><span data-sheets-value=\"{&quot;1&quot;:2,&quot;2&quot;:&quot;Collier perles&quot;}\" data-sheets-userformat=\"{&quot;2&quot;:8705,&quot;3&quot;:{&quot;1&quot;:0},&quot;12&quot;:0,&quot;16&quot;:10}\">Collier perles<\/span><\/p>","protected":false},"featured_media":870,"comment_status":"open","ping_status":"closed","template":"","meta":{"_acf_changed":false},"product_cat":[16,24],"product_tag":[],"acf":[],"yoast_head":"<!-- This site is optimized with the Yoast SEO plugin v21.8 - https:\/\/yoast.com\/wordpress\/plugins\/seo\/ -->\n<title>Collier Pomare - La Maison Sibani Pearls: Tahitian Pearls - Bora Bora<\/title>\n<meta name=\"robots\" content=\"index, follow, max-snippet:-1, max-image-preview:large, max-video-preview:-1\" \/>\n<link rel=\"canonical\" href=\"https:\/\/www.sibani.com\/en\/product\/collier-pomare-6\/\" \/>\n<meta property=\"og:locale\" content=\"en_US\" \/>\n<meta property=\"og:type\" content=\"article\" \/>\n<meta property=\"og:title\" content=\"Collier Pomare - La Maison Sibani Pearls: Tahitian Pearls - Bora Bora\" \/>\n<meta property=\"og:description\" content=\"Collier perles\" \/>\n<meta property=\"og:url\" content=\"https:\/\/www.sibani.com\/en\/product\/collier-pomare-6\/\" \/>\n<meta property=\"og:site_name\" content=\"La Maison Sibani Pearls: Tahitian Pearls - Bora Bora\" \/>\n<meta property=\"article:modified_time\" content=\"2023-03-14T01:45:05+00:00\" \/>\n<meta property=\"og:image\" content=\"https:\/\/www.sibani.com\/wp-content\/uploads\/2022\/09\/SIBANI-PEARLS-47-Personnalise.jpg\" \/>\n\t<meta property=\"og:image:width\" content=\"1500\" \/>\n\t<meta property=\"og:image:height\" content=\"1500\" \/>\n\t<meta property=\"og:image:type\" content=\"image\/jpeg\" \/>\n<meta name=\"twitter:card\" content=\"summary_large_image\" \/>\n<meta name=\"twitter:label1\" content=\"Est. reading time\" \/>\n\t<meta name=\"twitter:data1\" content=\"1 minute\" \/>\n<script type=\"application\/ld+json\" class=\"yoast-schema-graph\">{\"@context\":\"https:\/\/schema.org\",\"@graph\":[{\"@type\":\"WebPage\",\"@id\":\"https:\/\/www.sibani.com\/produit\/collier-pomare-6\/\",\"url\":\"https:\/\/www.sibani.com\/produit\/collier-pomare-6\/\",\"name\":\"Collier Pomare - La Maison Sibani Pearls: Tahitian Pearls - Bora Bora\",\"isPartOf\":{\"@id\":\"https:\/\/www.sibani.com\/#website\"},\"datePublished\":\"2022-09-15T19:44:04+00:00\",\"dateModified\":\"2023-03-14T01:45:05+00:00\",\"breadcrumb\":{\"@id\":\"https:\/\/www.sibani.com\/produit\/collier-pomare-6\/#breadcrumb\"},\"inLanguage\":\"en-US\",\"potentialAction\":[{\"@type\":\"ReadAction\",\"target\":[\"https:\/\/www.sibani.com\/produit\/collier-pomare-6\/\"]}]},{\"@type\":\"BreadcrumbList\",\"@id\":\"https:\/\/www.sibani.com\/produit\/collier-pomare-6\/#breadcrumb\",\"itemListElement\":[{\"@type\":\"ListItem\",\"position\":1,\"name\":\"Accueil\",\"item\":\"https:\/\/www.sibani.com\/\"},{\"@type\":\"ListItem\",\"position\":2,\"name\":\"Boutique\",\"item\":\"https:\/\/www.sibani.com\/boutique\/\"},{\"@type\":\"ListItem\",\"position\":3,\"name\":\"Collier Pomare\"}]},{\"@type\":\"WebSite\",\"@id\":\"https:\/\/www.sibani.com\/#website\",\"url\":\"https:\/\/www.sibani.com\/\",\"name\":\"La Maison Sibani Pearls: Tahitian Pearls - Bora Bora\",\"description\":\"5o ans de d&eacute;vouement &agrave; la perle de Tahiti\",\"publisher\":{\"@id\":\"https:\/\/www.sibani.com\/#organization\"},\"potentialAction\":[{\"@type\":\"SearchAction\",\"target\":{\"@type\":\"EntryPoint\",\"urlTemplate\":\"https:\/\/www.sibani.com\/?s={search_term_string}\"},\"query-input\":\"required name=search_term_string\"}],\"inLanguage\":\"en-US\"},{\"@type\":\"Organization\",\"@id\":\"https:\/\/www.sibani.com\/#organization\",\"name\":\"La Maison Sibani Pearls: Tahitian Pearls - Bora Bora\",\"url\":\"https:\/\/www.sibani.com\/\",\"logo\":{\"@type\":\"ImageObject\",\"inLanguage\":\"en-US\",\"@id\":\"https:\/\/www.sibani.com\/#\/schema\/logo\/image\/\",\"url\":\"https:\/\/www.sibani.com\/wp-content\/uploads\/2022\/05\/logo-2.png\",\"contentUrl\":\"https:\/\/www.sibani.com\/wp-content\/uploads\/2022\/05\/logo-2.png\",\"width\":2000,\"height\":2000,\"caption\":\"La Maison Sibani Pearls: Tahitian Pearls - Bora Bora\"},\"image\":{\"@id\":\"https:\/\/www.sibani.com\/#\/schema\/logo\/image\/\"}}]}<\/script>\n<!-- \/ Yoast SEO plugin. -->","yoast_head_json":{"title":"Collier Pomare - La Maison Sibani Pearls: Tahitian Pearls - Bora Bora","robots":{"index":"index","follow":"follow","max-snippet":"max-snippet:-1","max-image-preview":"max-image-preview:large","max-video-preview":"max-video-preview:-1"},"canonical":"https:\/\/www.sibani.com\/en\/product\/collier-pomare-6\/","og_locale":"en_US","og_type":"article","og_title":"Collier Pomare - La Maison Sibani Pearls: Tahitian Pearls - Bora Bora","og_description":"Collier perles","og_url":"https:\/\/www.sibani.com\/en\/product\/collier-pomare-6\/","og_site_name":"La Maison Sibani Pearls: Tahitian Pearls - Bora Bora","article_modified_time":"2023-03-14T01:45:05+00:00","og_image":[{"width":1500,"height":1500,"url":"https:\/\/www.sibani.com\/wp-content\/uploads\/2022\/09\/SIBANI-PEARLS-47-Personnalise.jpg","type":"image\/jpeg"}],"twitter_card":"summary_large_image","twitter_misc":{"Est. reading time":"1 minute"},"schema":{"@context":"https:\/\/schema.org","@graph":[{"@type":"WebPage","@id":"https:\/\/www.sibani.com\/produit\/collier-pomare-6\/","url":"https:\/\/www.sibani.com\/produit\/collier-pomare-6\/","name":"Collier Pomare - La Maison Sibani Pearls: Tahitian Pearls - Bora Bora","isPartOf":{"@id":"https:\/\/www.sibani.com\/#website"},"datePublished":"2022-09-15T19:44:04+00:00","dateModified":"2023-03-14T01:45:05+00:00","breadcrumb":{"@id":"https:\/\/www.sibani.com\/produit\/collier-pomare-6\/#breadcrumb"},"inLanguage":"en-US","potentialAction":[{"@type":"ReadAction","target":["https:\/\/www.sibani.com\/produit\/collier-pomare-6\/"]}]},{"@type":"BreadcrumbList","@id":"https:\/\/www.sibani.com\/produit\/collier-pomare-6\/#breadcrumb","itemListElement":[{"@type":"ListItem","position":1,"name":"Accueil","item":"https:\/\/www.sibani.com\/"},{"@type":"ListItem","position":2,"name":"Boutique","item":"https:\/\/www.sibani.com\/boutique\/"},{"@type":"ListItem","position":3,"name":"Collier Pomare"}]},{"@type":"WebSite","@id":"https:\/\/www.sibani.com\/#website","url":"https:\/\/www.sibani.com\/","name":"La Maison Sibani Pearls: Tahitian Pearls - Bora Bora","description":"5o ans de d&eacute;vouement &agrave; la perle de Tahiti","publisher":{"@id":"https:\/\/www.sibani.com\/#organization"},"potentialAction":[{"@type":"SearchAction","target":{"@type":"EntryPoint","urlTemplate":"https:\/\/www.sibani.com\/?s={search_term_string}"},"query-input":"required name=search_term_string"}],"inLanguage":"en-US"},{"@type":"Organization","@id":"https:\/\/www.sibani.com\/#organization","name":"La Maison Sibani Pearls: Tahitian Pearls - Bora Bora","url":"https:\/\/www.sibani.com\/","logo":{"@type":"ImageObject","inLanguage":"en-US","@id":"https:\/\/www.sibani.com\/#\/schema\/logo\/image\/","url":"https:\/\/www.sibani.com\/wp-content\/uploads\/2022\/05\/logo-2.png","contentUrl":"https:\/\/www.sibani.com\/wp-content\/uploads\/2022\/05\/logo-2.png","width":2000,"height":2000,"caption":"La Maison Sibani Pearls: Tahitian Pearls - Bora Bora"},"image":{"@id":"https:\/\/www.sibani.com\/#\/schema\/logo\/image\/"}}]}},"jetpack_sharing_enabled":true,"_links":{"self":[{"href":"https:\/\/www.sibani.com\/en\/wp-json\/wp\/v2\/product\/1047"}],"collection":[{"href":"https:\/\/www.sibani.com\/en\/wp-json\/wp\/v2\/product"}],"about":[{"href":"https:\/\/www.sibani.com\/en\/wp-json\/wp\/v2\/types\/product"}],"replies":[{"embeddable":true,"href":"https:\/\/www.sibani.com\/en\/wp-json\/wp\/v2\/comments?post=1047"}],"version-history":[{"count":1,"href":"https:\/\/www.sibani.com\/en\/wp-json\/wp\/v2\/product\/1047\/revisions"}],"predecessor-version":[{"id":1756,"href":"https:\/\/www.sibani.com\/en\/wp-json\/wp\/v2\/product\/1047\/revisions\/1756"}],"wp:featuredmedia":[{"embeddable":true,"href":"https:\/\/www.sibani.com\/en\/wp-json\/wp\/v2\/media\/870"}],"wp:attachment":[{"href":"https:\/\/www.sibani.com\/en\/wp-json\/wp\/v2\/media?parent=1047"}],"wp:term":[{"taxonomy":"product_cat","embeddable":true,"href":"https:\/\/www.sibani.com\/en\/wp-json\/wp\/v2\/product_cat?post=1047"},{"taxonomy":"product_tag","embeddable":true,"href":"https:\/\/www.sibani.com\/en\/wp-json\/wp\/v2\/product_tag?post=1047"}],"curies":[{"name":"wp","href":"https:\/\/api.w.org\/{rel}","templated":true}]}}